{"id":1076,"date":"2026-02-26T11:32:36","date_gmt":"2026-02-26T09:32:36","guid":{"rendered":"https:\/\/new.platinummotors.fi\/tietosuojaseloste\/"},"modified":"2026-04-29T20:19:37","modified_gmt":"2026-04-29T17:19:37","slug":"tietosuojaseloste","status":"publish","type":"page","link":"https:\/\/www.platinummotors.fi\/fi\/tietosuojaseloste\/","title":{"rendered":"Tietosuojaseloste"},"content":{"rendered":"\t\t<div data-elementor-type=\"wp-page\" data-elementor-id=\"1076\" class=\"elementor elementor-1076 elementor-3\" data-elementor-post-type=\"page\">\n\t\t\t\t\t\t<section class=\"elementor-section elementor-top-section elementor-element elementor-element-671a9f6 elementor-section-height-min-height elementor-section-content-middle elementor-section-boxed elementor-section-height-default elementor-section-items-middle\" data-id=\"671a9f6\" data-element_type=\"section\" data-e-type=\"section\" data-settings=\"{&quot;background_background&quot;:&quot;classic&quot;}\">\n\t\t\t\t\t\t\t<div class=\"elementor-background-overlay\"><\/div>\n\t\t\t\t\t\t\t<div class=\"elementor-container elementor-column-gap-default\">\n\t\t\t\t\t<div class=\"elementor-column elementor-col-100 elementor-top-column elementor-element elementor-element-26d23a6\" data-id=\"26d23a6\" data-element_type=\"column\" data-e-type=\"column\">\n\t\t\t<div class=\"elementor-widget-wrap elementor-element-populated\">\n\t\t\t\t\t\t<div class=\"elementor-element elementor-element-569aa23e elementor-widget-mobile__width-initial elementor-widget elementor-widget-image\" data-id=\"569aa23e\" data-element_type=\"widget\" data-e-type=\"widget\" data-widget_type=\"image.default\">\n\t\t\t\t\t\t\t\t\t\t\t\t\t\t\t<img fetchpriority=\"high\" decoding=\"async\" width=\"300\" height=\"178\" src=\"https:\/\/www.platinummotors.fi\/wp-content\/uploads\/2026\/04\/Untitled-design-34-1-300x178.png\" class=\"attachment-medium size-medium wp-image-1504\" alt=\"Platinum Boats Motors Vaasa\" srcset=\"https:\/\/www.platinummotors.fi\/wp-content\/uploads\/2026\/04\/Untitled-design-34-1-300x178.png 300w, https:\/\/www.platinummotors.fi\/wp-content\/uploads\/2026\/04\/Untitled-design-34-1-1024x607.png 1024w, https:\/\/www.platinummotors.fi\/wp-content\/uploads\/2026\/04\/Untitled-design-34-1-768x455.png 768w, https:\/\/www.platinummotors.fi\/wp-content\/uploads\/2026\/04\/Untitled-design-34-1.png 1179w\" sizes=\"(max-width: 300px) 100vw, 300px\" \/>\t\t\t\t\t\t\t\t\t\t\t\t\t\t\t<\/div>\n\t\t\t\t\t<\/div>\n\t\t<\/div>\n\t\t\t\t\t<\/div>\n\t\t<\/section>\n\t\t<div class=\"elementor-element elementor-element-ab009e8 e-flex e-con-boxed e-con e-parent\" data-id=\"ab009e8\" data-element_type=\"container\" data-e-type=\"container\" data-settings=\"{&quot;background_background&quot;:&quot;classic&quot;}\">\n\t\t\t\t\t<div class=\"e-con-inner\">\n\t\t\t\t<div class=\"elementor-element elementor-element-2a72946a elementor-widget-mobile__width-initial elementor-widget elementor-widget-heading\" data-id=\"2a72946a\" data-element_type=\"widget\" data-e-type=\"widget\" data-widget_type=\"heading.default\">\n\t\t\t\t\t<h1 class=\"elementor-heading-title elementor-size-default\">Tietosuojaseloste<\/h1>\t\t\t\t<\/div>\n\t\t\t\t<div class=\"elementor-element elementor-element-26e381c4 elementor-widget__width-inherit elementor-widget-mobile__width-initial elementor-widget elementor-widget-text-editor\" data-id=\"26e381c4\" data-element_type=\"widget\" data-e-type=\"widget\" data-widget_type=\"text-editor.default\">\n\t\t\t\t\t\t\t\t\t<p>Platinum Boats &amp; Motors kunnioittaa yksityisyytt\u00e4si ja pyrkii aina k\u00e4sittelem\u00e4\u00e4n henkil\u00f6tietojasi turvallisesti ja vastuullisesti. T\u00e4m\u00e4 tietosuojaseloste selitt\u00e4\u00e4, miten ker\u00e4\u00e4mme, k\u00e4yt\u00e4mme ja suojaamme tietojasi voimassa olevan tietosuojalains\u00e4\u00e4d\u00e4nn\u00f6n (GDPR) mukaisesti. <\/p>\t\t\t\t\t\t\t\t<\/div>\n\t\t<div class=\"elementor-element elementor-element-02f831f e-con-full e-flex e-con e-child\" data-id=\"02f831f\" data-element_type=\"container\" data-e-type=\"container\">\n\t\t\t\t<div class=\"elementor-element elementor-element-2571c63 elementor-widget elementor-widget-heading\" data-id=\"2571c63\" data-element_type=\"widget\" data-e-type=\"widget\" data-widget_type=\"heading.default\">\n\t\t\t\t\t<h2 class=\"elementor-heading-title elementor-size-default\">Henkil\u00f6tietojen ker\u00e4\u00e4minen<\/h2>\t\t\t\t<\/div>\n\t\t\t\t<div class=\"elementor-element elementor-element-3a35dba elementor-widget elementor-widget-text-editor\" data-id=\"3a35dba\" data-element_type=\"widget\" data-e-type=\"widget\" data-widget_type=\"text-editor.default\">\n\t\t\t\t\t\t\t\t\t<p data-start=\"642\" data-end=\"692\">Ker\u00e4\u00e4mme henkil\u00f6tietoja, kun:<\/p>\n<ul data-start=\"693\" data-end=\"867\">\n<li data-section-id=\"1rpa0bm\" data-start=\"693\" data-end=\"745\">otat meihin yhteytt\u00e4 lomakkeen, s\u00e4hk\u00f6postin tai puhelimen kautta<\/li>\n<li data-section-id=\"3iw7k7\" data-start=\"746\" data-end=\"804\">teet tiedustelun ajoneuvoista, huollosta tai rahoituksesta<\/li>\n<li data-section-id=\"1e2a0p4\" data-start=\"805\" data-end=\"841\">varaat huollon tai pyyd\u00e4t tarjouksen<\/li>\n<li data-section-id=\"11fe55r\" data-start=\"842\" data-end=\"867\">vierailet verkkosivustollamme<\/li>\n<\/ul>\n<p data-start=\"869\" data-end=\"996\">Ker\u00e4\u00e4m\u00e4mme tiedot voivat sis\u00e4lt\u00e4\u00e4 nimen, puhelinnumeron, s\u00e4hk\u00f6postiosoitteen sek\u00e4 muuta tietoa, jonka itse p\u00e4\u00e4t\u00e4t antaa.<\/p>\t\t\t\t\t\t\t\t<\/div>\n\t\t\t\t<div class=\"elementor-element elementor-element-f6e912d elementor-widget elementor-widget-heading\" data-id=\"f6e912d\" data-element_type=\"widget\" data-e-type=\"widget\" data-widget_type=\"heading.default\">\n\t\t\t\t\t<h2 class=\"elementor-heading-title elementor-size-default\">Tietojen k\u00e4ytt\u00f6<\/h2>\t\t\t\t<\/div>\n\t\t\t\t<div class=\"elementor-element elementor-element-aeb7613 elementor-widget elementor-widget-text-editor\" data-id=\"aeb7613\" data-element_type=\"widget\" data-e-type=\"widget\" data-widget_type=\"text-editor.default\">\n\t\t\t\t\t\t\t\t\t<p data-start=\"1035\" data-end=\"1072\">Henkil\u00f6tietojasi k\u00e4ytet\u00e4\u00e4n seuraaviin tarkoituksiin:<\/p>\n<ul data-start=\"1073\" data-end=\"1250\">\n<li data-section-id=\"1sotdom\" data-start=\"1073\" data-end=\"1114\">tiedustelujen ja asiakasasioiden k\u00e4sittelyyn<\/li>\n<li data-section-id=\"1sa0876\" data-start=\"1115\" data-end=\"1172\">palveluiden, tuotteiden ja rahoitusratkaisujen tarjoamiseen<\/li>\n<li data-section-id=\"1tgthe0\" data-start=\"1173\" data-end=\"1205\">viestint\u00e4\u00e4n kanssasi asiakkaana<\/li>\n<li data-section-id=\"1gow4bq\" data-start=\"1206\" data-end=\"1250\">palvelumme ja asiakaskokemuksen parantamiseen<\/li>\n<\/ul>\n<p data-start=\"1252\" data-end=\"1317\">K\u00e4sittelemme ainoastaan sellaisia tietoja, jotka ovat tarpeellisia k\u00e4ytt\u00f6tarkoituksen kannalta.<\/p>\t\t\t\t\t\t\t\t<\/div>\n\t\t\t\t<div class=\"elementor-element elementor-element-d480555 elementor-widget elementor-widget-heading\" data-id=\"d480555\" data-element_type=\"widget\" data-e-type=\"widget\" data-widget_type=\"heading.default\">\n\t\t\t\t\t<h2 class=\"elementor-heading-title elementor-size-default\">Tietojen s\u00e4ilytt\u00e4minen ja suojaaminen<\/h2>\t\t\t\t<\/div>\n\t\t\t\t<div class=\"elementor-element elementor-element-3d8bf06 elementor-widget elementor-widget-text-editor\" data-id=\"3d8bf06\" data-element_type=\"widget\" data-e-type=\"widget\" data-widget_type=\"text-editor.default\">\n\t\t\t\t\t\t\t\t\t<p data-start=\"642\" data-end=\"692\">S\u00e4ilyt\u00e4mme tietojasi vain niin kauan kuin on tarpeen k\u00e4ytt\u00f6tarkoituksen toteuttamiseksi tai lain edellytt\u00e4m\u00e4ll\u00e4 tavalla. Toteutamme asianmukaiset tekniset ja organisatoriset turvatoimet suojataksemme tietojasi luvattomalta k\u00e4yt\u00f6lt\u00e4, h\u00e4vi\u00e4miselt\u00e4 tai v\u00e4\u00e4rink\u00e4yt\u00f6lt\u00e4. <\/p>\t\t\t\t\t\t\t\t<\/div>\n\t\t\t\t<div class=\"elementor-element elementor-element-3837a9d elementor-widget elementor-widget-heading\" data-id=\"3837a9d\" data-element_type=\"widget\" data-e-type=\"widget\" data-widget_type=\"heading.default\">\n\t\t\t\t\t<h2 class=\"elementor-heading-title elementor-size-default\">Tietojen luovuttaminen<\/h2>\t\t\t\t<\/div>\n\t\t\t\t<div class=\"elementor-element elementor-element-12641a2 elementor-widget elementor-widget-text-editor\" data-id=\"12641a2\" data-element_type=\"widget\" data-e-type=\"widget\" data-widget_type=\"text-editor.default\">\n\t\t\t\t\t\t\t\t\t<p data-start=\"1648\" data-end=\"1738\">Emme luovuta henkil\u00f6tietojasi kolmansille osapuolille, paitsi silloin kun se on tarpeen:<\/p>\n<ul data-start=\"1739\" data-end=\"1856\">\n<li data-section-id=\"l1wnk9\" data-start=\"1739\" data-end=\"1787\">rahoituksen toteuttamiseksi yhteisty\u00f6kumppaneiden kautta<\/li>\n<li data-section-id=\"11k3z2f\" data-start=\"1788\" data-end=\"1808\">lakis\u00e4\u00e4teisten velvoitteiden t\u00e4ytt\u00e4miseksi<\/li>\n<li data-section-id=\"9hlghi\" data-start=\"1809\" data-end=\"1856\">asiaasi liittyvien palveluiden toimittamiseksi<\/li>\n<\/ul>\n<p data-start=\"1858\" data-end=\"1933\">Kaikki yhteisty\u00f6kumppanit k\u00e4sittelev\u00e4t tietoja voimassa olevien tietosuojas\u00e4\u00e4nn\u00f6sten mukaisesti.<\/p>\t\t\t\t\t\t\t\t<\/div>\n\t\t\t\t<div class=\"elementor-element elementor-element-1758b94 elementor-widget elementor-widget-heading\" data-id=\"1758b94\" data-element_type=\"widget\" data-e-type=\"widget\" data-widget_type=\"heading.default\">\n\t\t\t\t\t<h2 class=\"elementor-heading-title elementor-size-default\">Oikeutesi<\/h2>\t\t\t\t<\/div>\n\t\t\t\t<div class=\"elementor-element elementor-element-0331f78 elementor-widget elementor-widget-text-editor\" data-id=\"0331f78\" data-element_type=\"widget\" data-e-type=\"widget\" data-widget_type=\"text-editor.default\">\n\t\t\t\t\t\t\t\t\t<p data-start=\"1965\" data-end=\"1981\">Sinulla on oikeus:<\/p>\n<ul data-start=\"1982\" data-end=\"2126\">\n<li data-section-id=\"w10gt\" data-start=\"1982\" data-end=\"2027\">pyyt\u00e4\u00e4 p\u00e4\u00e4sy\u00e4 omiin henkil\u00f6tietoihisi<\/li>\n<li data-section-id=\"1rcfy9w\" data-start=\"2028\" data-end=\"2062\">pyyt\u00e4\u00e4 tietojen oikaisua tai poistamista<\/li>\n<li data-section-id=\"tn5ljc\" data-start=\"2063\" data-end=\"2089\">vastustaa tietojen k\u00e4sittely\u00e4<\/li>\n<li data-section-id=\"ccsr51\" data-start=\"2090\" data-end=\"2126\">pyyt\u00e4\u00e4 k\u00e4sittelyn rajoittamista<\/li>\n<\/ul>\n<p data-start=\"2128\" data-end=\"2179\">Voit k\u00e4ytt\u00e4\u00e4 oikeuksiasi ottamalla meihin yhteytt\u00e4.<\/p>\t\t\t\t\t\t\t\t<\/div>\n\t\t\t\t<div class=\"elementor-element elementor-element-66b9a20 elementor-widget elementor-widget-heading\" data-id=\"66b9a20\" data-element_type=\"widget\" data-e-type=\"widget\" data-widget_type=\"heading.default\">\n\t\t\t\t\t<h2 class=\"elementor-heading-title elementor-size-default\">Yhteystiedot<\/h2>\t\t\t\t<\/div>\n\t\t\t\t<div class=\"elementor-element elementor-element-b236725 elementor-widget elementor-widget-text-editor\" data-id=\"b236725\" data-element_type=\"widget\" data-e-type=\"widget\" data-widget_type=\"text-editor.default\">\n\t\t\t\t\t\t\t\t\t<p data-start=\"1965\" data-end=\"1981\">Jos sinulla on kysytt\u00e4v\u00e4\u00e4 henkil\u00f6tietojesi k\u00e4sittelyst\u00e4, voit ottaa meihin yhteytt\u00e4:<\/p>\n<p data-start=\"1965\" data-end=\"1981\"> <\/p>\n<p data-start=\"1965\" data-end=\"1981\"><strong>Platinum Boats &amp; Motors<\/strong><br>Duvaldtintie 5, 65170 Vaasa<br>+358449773863<br>info@platinummotors.fi<\/p>\n<p data-start=\"1965\" data-end=\"1981\"> <\/p>\t\t\t\t\t\t\t\t<\/div>\n\t\t\t\t<\/div>\n\t\t\t\t\t<\/div>\n\t\t\t\t<\/div>\n\t\t\t\t<\/div>\n\t\t","protected":false},"excerpt":{"rendered":"<p>Tietosuojaseloste Platinum Boats &amp; Motors kunnioittaa yksityisyytt\u00e4si ja pyrkii aina k\u00e4sittelem\u00e4\u00e4n henkil\u00f6tietojasi turvallisesti ja vastuullisesti. T\u00e4m\u00e4 tietosuojaseloste selitt\u00e4\u00e4, miten ker\u00e4\u00e4mme, k\u00e4yt\u00e4mme ja suojaamme tietojasi voimassa olevan tietosuojalains\u00e4\u00e4d\u00e4nn\u00f6n (GDPR) mukaisesti. Henkil\u00f6tietojen ker\u00e4\u00e4minen Ker\u00e4\u00e4mme henkil\u00f6tietoja, kun: otat meihin yhteytt\u00e4 lomakkeen, s\u00e4hk\u00f6postin tai puhelimen kautta teet tiedustelun ajoneuvoista, huollosta tai rahoituksesta varaat huollon tai pyyd\u00e4t tarjouksen vierailet verkkosivustollamme [&hellip;]<\/p>\n","protected":false},"author":1,"featured_media":0,"parent":0,"menu_order":0,"comment_status":"closed","ping_status":"open","template":"","meta":{"footnotes":""},"class_list":["post-1076","page","type-page","status-publish","hentry"],"_links":{"self":[{"href":"https:\/\/www.platinummotors.fi\/fi\/wp-json\/wp\/v2\/pages\/1076","targetHints":{"allow":["GET"]}}],"collection":[{"href":"https:\/\/www.platinummotors.fi\/fi\/wp-json\/wp\/v2\/pages"}],"about":[{"href":"https:\/\/www.platinummotors.fi\/fi\/wp-json\/wp\/v2\/types\/page"}],"author":[{"embeddable":true,"href":"https:\/\/www.platinummotors.fi\/fi\/wp-json\/wp\/v2\/users\/1"}],"replies":[{"embeddable":true,"href":"https:\/\/www.platinummotors.fi\/fi\/wp-json\/wp\/v2\/comments?post=1076"}],"version-history":[{"count":6,"href":"https:\/\/www.platinummotors.fi\/fi\/wp-json\/wp\/v2\/pages\/1076\/revisions"}],"predecessor-version":[{"id":1950,"href":"https:\/\/www.platinummotors.fi\/fi\/wp-json\/wp\/v2\/pages\/1076\/revisions\/1950"}],"wp:attachment":[{"href":"https:\/\/www.platinummotors.fi\/fi\/wp-json\/wp\/v2\/media?parent=1076"}],"curies":[{"name":"wp","href":"https:\/\/api.w.org\/{rel}","templated":true}]}}