{"id":1154,"date":"2026-04-15T21:18:52","date_gmt":"2026-04-15T18:18:52","guid":{"rendered":"https:\/\/new.platinummotors.fi\/uutiset\/"},"modified":"2026-04-29T18:20:36","modified_gmt":"2026-04-29T15:20:36","slug":"uutiset","status":"publish","type":"page","link":"https:\/\/www.platinummotors.fi\/fi\/uutiset\/","title":{"rendered":"Uutiset"},"content":{"rendered":"\t\t<div data-elementor-type=\"wp-page\" data-elementor-id=\"1154\" class=\"elementor elementor-1154 elementor-881\" data-elementor-post-type=\"page\">\n\t\t\t\t<div class=\"elementor-element elementor-element-3d64b332 e-flex e-con-boxed e-con e-parent\" data-id=\"3d64b332\" data-element_type=\"container\" data-e-type=\"container\" data-settings=\"{&quot;background_background&quot;:&quot;classic&quot;}\">\n\t\t\t\t\t<div class=\"e-con-inner\">\n\t\t<div class=\"elementor-element elementor-element-6ca2de63 e-con-full e-flex e-con e-child\" data-id=\"6ca2de63\" data-element_type=\"container\" data-e-type=\"container\">\n\t\t\t\t<div class=\"elementor-element elementor-element-c88abbb elementor-widget elementor-widget-image\" data-id=\"c88abbb\" data-element_type=\"widget\" data-e-type=\"widget\" data-widget_type=\"image.default\">\n\t\t\t\t\t\t\t\t\t\t\t\t\t\t\t<img fetchpriority=\"high\" decoding=\"async\" width=\"768\" height=\"455\" src=\"https:\/\/www.platinummotors.fi\/wp-content\/uploads\/2026\/04\/Untitled-design-34-1-768x455.png\" class=\"attachment-medium_large size-medium_large wp-image-1504\" alt=\"Platinum Boats Motors Vaasa\" srcset=\"https:\/\/www.platinummotors.fi\/wp-content\/uploads\/2026\/04\/Untitled-design-34-1-768x455.png 768w, https:\/\/www.platinummotors.fi\/wp-content\/uploads\/2026\/04\/Untitled-design-34-1-300x178.png 300w, https:\/\/www.platinummotors.fi\/wp-content\/uploads\/2026\/04\/Untitled-design-34-1-1024x607.png 1024w, https:\/\/www.platinummotors.fi\/wp-content\/uploads\/2026\/04\/Untitled-design-34-1.png 1179w\" sizes=\"(max-width: 768px) 100vw, 768px\" \/>\t\t\t\t\t\t\t\t\t\t\t\t\t\t\t<\/div>\n\t\t\t\t<\/div>\n\t\t<div class=\"elementor-element elementor-element-691ca1ec e-con-full animated-slow e-flex elementor-invisible e-con e-child\" data-id=\"691ca1ec\" data-element_type=\"container\" data-e-type=\"container\" data-settings=\"{&quot;background_background&quot;:&quot;classic&quot;,&quot;animation&quot;:&quot;fadeIn&quot;}\">\n\t\t\t\t<div class=\"elementor-element elementor-element-ebf5918 elementor-widget-mobile__width-initial elementor-widget elementor-widget-heading\" data-id=\"ebf5918\" data-element_type=\"widget\" data-e-type=\"widget\" data-widget_type=\"heading.default\">\n\t\t\t\t\t<h1 class=\"elementor-heading-title elementor-size-default\">Uutiset<\/h1>\t\t\t\t<\/div>\n\t\t\t\t<div class=\"elementor-element elementor-element-4f59b4cf elementor-widget__width-initial elementor-widget elementor-widget-text-editor\" data-id=\"4f59b4cf\" data-element_type=\"widget\" data-e-type=\"widget\" data-widget_type=\"text-editor.default\">\n\t\t\t\t\t\t\t\t\t<p data-start=\"124\" data-end=\"448\">T\u00e4lt\u00e4 sivulta l\u00f6yd\u00e4t ajankohtaiset uutiset, kampanjat ja p\u00e4ivitykset Platinum Boats &amp; Motorsilta. Jaamme kanssasi uusia tuotteita, vinkkej\u00e4 ja tietoa tulevasta \u2013 jotta pysyt aina tietoisena veneist\u00e4, moottoreista ja valikoimastamme. <\/p>\t\t\t\t\t\t\t\t<\/div>\n\t\t\t\t<\/div>\n\t\t\t\t\t<\/div>\n\t\t\t\t<\/div>\n\t\t<div class=\"elementor-element elementor-element-67caa330 e-flex e-con-boxed e-con e-parent\" data-id=\"67caa330\" data-element_type=\"container\" data-e-type=\"container\">\n\t\t\t\t\t<div class=\"e-con-inner\">\n\t\t\t\t<div class=\"elementor-element elementor-element-466ded5 elementor-widget-mobile__width-initial elementor-widget elementor-widget-heading\" data-id=\"466ded5\" data-element_type=\"widget\" data-e-type=\"widget\" data-widget_type=\"heading.default\">\n\t\t\t\t\t<h1 class=\"elementor-heading-title elementor-size-default\">Viimeisimm\u00e4t Platinum Boats &amp; Motors<\/h1>\t\t\t\t<\/div>\n\t\t\t\t<div class=\"elementor-element elementor-element-31a89b69 elementor-widget__width-initial elementor-widget elementor-widget-text-editor\" data-id=\"31a89b69\" data-element_type=\"widget\" data-e-type=\"widget\" data-widget_type=\"text-editor.default\">\n\t\t\t\t\t\t\t\t\t<p>Tutustu viimeisimpiin uutisiimme, tarjouksiimme ja p\u00e4ivityksiimme.<\/p>\t\t\t\t\t\t\t\t<\/div>\n\t\t\t\t\t<\/div>\n\t\t\t\t<\/div>\n\t\t<div class=\"elementor-element elementor-element-7370b60d e-flex e-con-boxed e-con e-parent\" data-id=\"7370b60d\" data-element_type=\"container\" data-e-type=\"container\">\n\t\t\t\t\t<div class=\"e-con-inner\">\n\t\t\t\t<div class=\"elementor-element elementor-element-34f6c4fe elementor-grid-3 elementor-grid-tablet-2 elementor-grid-mobile-1 elementor-posts--thumbnail-top elementor-card-shadow-yes elementor-posts__hover-gradient elementor-widget elementor-widget-posts\" data-id=\"34f6c4fe\" data-element_type=\"widget\" data-e-type=\"widget\" data-settings=\"{&quot;cards_columns&quot;:&quot;3&quot;,&quot;cards_columns_tablet&quot;:&quot;2&quot;,&quot;cards_columns_mobile&quot;:&quot;1&quot;,&quot;cards_row_gap&quot;:{&quot;unit&quot;:&quot;px&quot;,&quot;size&quot;:35,&quot;sizes&quot;:[]},&quot;cards_row_gap_tablet&quot;:{&quot;unit&quot;:&quot;px&quot;,&quot;size&quot;:&quot;&quot;,&quot;sizes&quot;:[]},&quot;cards_row_gap_mobile&quot;:{&quot;unit&quot;:&quot;px&quot;,&quot;size&quot;:&quot;&quot;,&quot;sizes&quot;:[]}}\" data-widget_type=\"posts.cards\">\n\t\t\t\t<div class=\"elementor-widget-container\">\n\t\t\t\t\t\t\t<div class=\"elementor-posts-container elementor-posts elementor-posts--skin-cards elementor-grid\" role=\"list\">\n\t\t\t\t<article class=\"elementor-post elementor-grid-item post-1925 post type-post status-publish format-standard has-post-thumbnail hentry category-platinum-boats\" role=\"listitem\">\n\t\t\t<div class=\"elementor-post__card\">\n\t\t\t\t<a class=\"elementor-post__thumbnail__link\" href=\"https:\/\/www.platinummotors.fi\/fi\/tulevaisuuden-veneily-sahkokaytto-ottaa-paikkansa\/\" tabindex=\"-1\" ><div class=\"elementor-post__thumbnail\"><img decoding=\"async\" width=\"300\" height=\"134\" src=\"https:\/\/www.platinummotors.fi\/wp-content\/uploads\/2026\/03\/cruise-family-1140_508-300x134.jpg\" class=\"attachment-medium size-medium wp-image-1924\" alt=\"\" srcset=\"https:\/\/www.platinummotors.fi\/wp-content\/uploads\/2026\/03\/cruise-family-1140_508-300x134.jpg 300w, https:\/\/www.platinummotors.fi\/wp-content\/uploads\/2026\/03\/cruise-family-1140_508-1024x456.jpg 1024w, https:\/\/www.platinummotors.fi\/wp-content\/uploads\/2026\/03\/cruise-family-1140_508-768x342.jpg 768w, https:\/\/www.platinummotors.fi\/wp-content\/uploads\/2026\/03\/cruise-family-1140_508.jpg 1140w\" sizes=\"(max-width: 300px) 100vw, 300px\" \/><\/div><\/a>\n\t\t\t\t<div class=\"elementor-post__text\">\n\t\t\t\t<h3 class=\"elementor-post__title\">\n\t\t\t<a href=\"https:\/\/www.platinummotors.fi\/fi\/tulevaisuuden-veneily-sahkokaytto-ottaa-paikkansa\/\" >\n\t\t\t\tTulevaisuuden veneily \u2013 s\u00e4hk\u00f6k\u00e4ytt\u00f6 ottaa paikkansa\t\t\t<\/a>\n\t\t<\/h3>\n\t\t\t\t<div class=\"elementor-post__excerpt\">\n\t\t\t<p>S\u00e4hk\u00f6k\u00e4ytt\u00f6iset ratkaisut ovat yh\u00e4 t\u00e4rke\u00e4mpi osa tulevaisuuden veneily\u00e4. Innovatiivisten vaihtoehtojen, kuten Torqeedon, avulla tarjoamme tehokkaita ja ymp\u00e4rist\u00f6yst\u00e4v\u00e4llisi\u00e4 per\u00e4moottoreita, jotka yhdist\u00e4v\u00e4t hiljaisen k\u00e4ynnin ja korkean suorituskyvyn. <\/p>\n\t\t<\/div>\n\t\t\n\t\t<a class=\"elementor-post__read-more\" href=\"https:\/\/www.platinummotors.fi\/fi\/tulevaisuuden-veneily-sahkokaytto-ottaa-paikkansa\/\" aria-label=\"Read more about Tulevaisuuden veneily \u2013 s\u00e4hk\u00f6k\u00e4ytt\u00f6 ottaa paikkansa\" tabindex=\"-1\" >\n\t\t\tLUE LIS\u00c4\u00c4\t\t<\/a>\n\n\t\t\t\t<\/div>\n\t\t\t\t<div class=\"elementor-post__meta-data\">\n\t\t\t\t\t<span class=\"elementor-post-date\">\n\t\t\t31.3.2026\t\t<\/span>\n\t\t\t\t<\/div>\n\t\t\t\t\t<\/div>\n\t\t<\/article>\n\t\t\t\t<article class=\"elementor-post elementor-grid-item post-1928 post type-post status-publish format-standard has-post-thumbnail hentry category-platinum-boats\" role=\"listitem\">\n\t\t\t<div class=\"elementor-post__card\">\n\t\t\t\t<a class=\"elementor-post__thumbnail__link\" href=\"https:\/\/www.platinummotors.fi\/fi\/veneilykausi-lahestyy-oletko-valmis-vesille\/\" tabindex=\"-1\" ><div class=\"elementor-post__thumbnail\"><img decoding=\"async\" width=\"300\" height=\"200\" src=\"https:\/\/www.platinummotors.fi\/wp-content\/uploads\/2026\/03\/040924-Inha-Espoo-print-131-300x200.jpg\" class=\"attachment-medium size-medium wp-image-1073\" alt=\"\" srcset=\"https:\/\/www.platinummotors.fi\/wp-content\/uploads\/2026\/03\/040924-Inha-Espoo-print-131-300x200.jpg 300w, https:\/\/www.platinummotors.fi\/wp-content\/uploads\/2026\/03\/040924-Inha-Espoo-print-131-1024x683.jpg 1024w, https:\/\/www.platinummotors.fi\/wp-content\/uploads\/2026\/03\/040924-Inha-Espoo-print-131-768x512.jpg 768w, https:\/\/www.platinummotors.fi\/wp-content\/uploads\/2026\/03\/040924-Inha-Espoo-print-131-1536x1024.jpg 1536w, https:\/\/www.platinummotors.fi\/wp-content\/uploads\/2026\/03\/040924-Inha-Espoo-print-131-2048x1365.jpg 2048w\" sizes=\"(max-width: 300px) 100vw, 300px\" \/><\/div><\/a>\n\t\t\t\t<div class=\"elementor-post__text\">\n\t\t\t\t<h3 class=\"elementor-post__title\">\n\t\t\t<a href=\"https:\/\/www.platinummotors.fi\/fi\/veneilykausi-lahestyy-oletko-valmis-vesille\/\" >\n\t\t\t\tVeneilykausi l\u00e4hestyy \u2013 oletko valmis vesille?\t\t\t<\/a>\n\t\t<\/h3>\n\t\t\t\t<div class=\"elementor-post__excerpt\">\n\t\t\t<p>Kev\u00e4\u00e4n l\u00e4hestyess\u00e4 on aika alkaa suunnitella uutta kautta vesill\u00e4. Olitpa etsim\u00e4ss\u00e4 uutta venett\u00e4, p\u00e4ivitt\u00e4m\u00e4ss\u00e4 moottoria tai valmistelemassa nykyist\u00e4 ajoneuvoasi, olemme t\u00e4\u00e4ll\u00e4 auttamassa sinua. <\/p>\n\t\t<\/div>\n\t\t\n\t\t<a class=\"elementor-post__read-more\" href=\"https:\/\/www.platinummotors.fi\/fi\/veneilykausi-lahestyy-oletko-valmis-vesille\/\" aria-label=\"Read more about Veneilykausi l\u00e4hestyy \u2013 oletko valmis vesille?\" tabindex=\"-1\" >\n\t\t\tLUE LIS\u00c4\u00c4\t\t<\/a>\n\n\t\t\t\t<\/div>\n\t\t\t\t<div class=\"elementor-post__meta-data\">\n\t\t\t\t\t<span class=\"elementor-post-date\">\n\t\t\t31.3.2026\t\t<\/span>\n\t\t\t\t<\/div>\n\t\t\t\t\t<\/div>\n\t\t<\/article>\n\t\t\t\t<article class=\"elementor-post elementor-grid-item post-1933 post type-post status-publish format-standard has-post-thumbnail hentry category-platinum-boats\" role=\"listitem\">\n\t\t\t<div class=\"elementor-post__card\">\n\t\t\t\t<a class=\"elementor-post__thumbnail__link\" href=\"https:\/\/www.platinummotors.fi\/fi\/yamarin-esittelee-uuden-lippulaivansa-auran\/\" tabindex=\"-1\" ><div class=\"elementor-post__thumbnail\"><img loading=\"lazy\" decoding=\"async\" width=\"300\" height=\"200\" src=\"https:\/\/www.platinummotors.fi\/wp-content\/uploads\/2026\/03\/FLAGSHIP-CANNES-48-300x200.jpg\" class=\"attachment-medium size-medium wp-image-1932\" alt=\"\" srcset=\"https:\/\/www.platinummotors.fi\/wp-content\/uploads\/2026\/03\/FLAGSHIP-CANNES-48-300x200.jpg 300w, https:\/\/www.platinummotors.fi\/wp-content\/uploads\/2026\/03\/FLAGSHIP-CANNES-48-1024x683.jpg 1024w, https:\/\/www.platinummotors.fi\/wp-content\/uploads\/2026\/03\/FLAGSHIP-CANNES-48-768x512.jpg 768w, https:\/\/www.platinummotors.fi\/wp-content\/uploads\/2026\/03\/FLAGSHIP-CANNES-48-1536x1024.jpg 1536w, https:\/\/www.platinummotors.fi\/wp-content\/uploads\/2026\/03\/FLAGSHIP-CANNES-48-2048x1365.jpg 2048w\" sizes=\"(max-width: 300px) 100vw, 300px\" \/><\/div><\/a>\n\t\t\t\t<div class=\"elementor-post__text\">\n\t\t\t\t<h3 class=\"elementor-post__title\">\n\t\t\t<a href=\"https:\/\/www.platinummotors.fi\/fi\/yamarin-esittelee-uuden-lippulaivansa-auran\/\" >\n\t\t\t\tYamarin esittelee uuden lippulaivansa AURAn\t\t\t<\/a>\n\t\t<\/h3>\n\t\t\t\t<div class=\"elementor-post__excerpt\">\n\t\t\t<p>Yamarin ottaa seuraavan askeleen kehityksess\u00e4\u00e4n ja esittelee uuden lippulaivansa \u2013 AURAn. Selke\u00e4sti muotoiluun, mukavuuteen ja suorituskykyyn keskittyv\u00e4 malli edustaa uuden sukupolven veneit\u00e4 modernille veneilij\u00e4lle. <\/p>\n\t\t<\/div>\n\t\t\n\t\t<a class=\"elementor-post__read-more\" href=\"https:\/\/www.platinummotors.fi\/fi\/yamarin-esittelee-uuden-lippulaivansa-auran\/\" aria-label=\"Read more about Yamarin esittelee uuden lippulaivansa AURAn\" tabindex=\"-1\" >\n\t\t\tLUE LIS\u00c4\u00c4\t\t<\/a>\n\n\t\t\t\t<\/div>\n\t\t\t\t<div class=\"elementor-post__meta-data\">\n\t\t\t\t\t<span class=\"elementor-post-date\">\n\t\t\t31.3.2026\t\t<\/span>\n\t\t\t\t<\/div>\n\t\t\t\t\t<\/div>\n\t\t<\/article>\n\t\t\t\t<\/div>\n\t\t\n\t\t\t\t\t\t<\/div>\n\t\t\t\t<\/div>\n\t\t\t\t\t<\/div>\n\t\t\t\t<\/div>\n\t\t\t\t<\/div>\n\t\t","protected":false},"excerpt":{"rendered":"<p>Uutiset T\u00e4lt\u00e4 sivulta l\u00f6yd\u00e4t ajankohtaiset uutiset, kampanjat ja p\u00e4ivitykset Platinum Boats &amp; Motorsilta. Jaamme kanssasi uusia tuotteita, vinkkej\u00e4 ja tietoa tulevasta \u2013 jotta pysyt aina tietoisena veneist\u00e4, moottoreista ja valikoimastamme. Viimeisimm\u00e4t Platinum Boats &amp; Motors Tutustu viimeisimpiin uutisiimme, tarjouksiimme ja p\u00e4ivityksiimme.<\/p>\n","protected":false},"author":3,"featured_media":0,"parent":0,"menu_order":0,"comment_status":"closed","ping_status":"closed","template":"","meta":{"footnotes":""},"class_list":["post-1154","page","type-page","status-publish","hentry"],"_links":{"self":[{"href":"https:\/\/www.platinummotors.fi\/fi\/wp-json\/wp\/v2\/pages\/1154","targetHints":{"allow":["GET"]}}],"collection":[{"href":"https:\/\/www.platinummotors.fi\/fi\/wp-json\/wp\/v2\/pages"}],"about":[{"href":"https:\/\/www.platinummotors.fi\/fi\/wp-json\/wp\/v2\/types\/page"}],"author":[{"embeddable":true,"href":"https:\/\/www.platinummotors.fi\/fi\/wp-json\/wp\/v2\/users\/3"}],"replies":[{"embeddable":true,"href":"https:\/\/www.platinummotors.fi\/fi\/wp-json\/wp\/v2\/comments?post=1154"}],"version-history":[{"count":7,"href":"https:\/\/www.platinummotors.fi\/fi\/wp-json\/wp\/v2\/pages\/1154\/revisions"}],"predecessor-version":[{"id":1765,"href":"https:\/\/www.platinummotors.fi\/fi\/wp-json\/wp\/v2\/pages\/1154\/revisions\/1765"}],"wp:attachment":[{"href":"https:\/\/www.platinummotors.fi\/fi\/wp-json\/wp\/v2\/media?parent=1154"}],"curies":[{"name":"wp","href":"https:\/\/api.w.org\/{rel}","templated":true}]}}