{"id":1168,"date":"2026-03-31T12:32:54","date_gmt":"2026-03-31T09:32:54","guid":{"rendered":"https:\/\/new.platinummotors.fi\/tietoja-yrityksesta\/"},"modified":"2026-04-29T19:09:32","modified_gmt":"2026-04-29T16:09:32","slug":"tietoja-yrityksesta","status":"publish","type":"page","link":"https:\/\/www.platinummotors.fi\/fi\/tietoja-yrityksesta\/","title":{"rendered":"Tietoja yrityksest\u00e4"},"content":{"rendered":"\t\t<div data-elementor-type=\"wp-page\" data-elementor-id=\"1168\" class=\"elementor elementor-1168 elementor-561\" data-elementor-post-type=\"page\">\n\t\t\t\t<div class=\"elementor-element elementor-element-1c72412 e-flex e-con-boxed e-con e-parent\" data-id=\"1c72412\" data-element_type=\"container\" data-e-type=\"container\" data-settings=\"{&quot;background_background&quot;:&quot;video&quot;,&quot;background_video_link&quot;:&quot;https:\\\/\\\/www.youtube.com\\\/watch?v=TpLedPZxdYI&quot;,&quot;background_play_on_mobile&quot;:&quot;yes&quot;}\">\n\t\t\t\t\t<div class=\"e-con-inner\">\n\t\t<div class=\"elementor-background-video-container\">\n\t\t\t\t\t\t\t<div class=\"elementor-background-video-embed\" role=\"presentation\"><\/div>\n\t\t\t\t\t\t<\/div><div class=\"elementor-element elementor-element-8b4287e e-con-full e-flex e-con e-child\" data-id=\"8b4287e\" data-element_type=\"container\" data-e-type=\"container\">\n\t\t\t\t<div class=\"elementor-element elementor-element-e051701 elementor-widget elementor-widget-image\" data-id=\"e051701\" data-element_type=\"widget\" data-e-type=\"widget\" data-widget_type=\"image.default\">\n\t\t\t\t\t\t\t\t\t\t\t\t\t\t\t<img fetchpriority=\"high\" decoding=\"async\" width=\"768\" height=\"455\" src=\"https:\/\/www.platinummotors.fi\/wp-content\/uploads\/2026\/04\/Untitled-design-34-1-768x455.png\" class=\"attachment-medium_large size-medium_large wp-image-1504\" alt=\"Platinum Boats Motors Vaasa\" srcset=\"https:\/\/www.platinummotors.fi\/wp-content\/uploads\/2026\/04\/Untitled-design-34-1-768x455.png 768w, https:\/\/www.platinummotors.fi\/wp-content\/uploads\/2026\/04\/Untitled-design-34-1-300x178.png 300w, https:\/\/www.platinummotors.fi\/wp-content\/uploads\/2026\/04\/Untitled-design-34-1-1024x607.png 1024w, https:\/\/www.platinummotors.fi\/wp-content\/uploads\/2026\/04\/Untitled-design-34-1.png 1179w\" sizes=\"(max-width: 768px) 100vw, 768px\" \/>\t\t\t\t\t\t\t\t\t\t\t\t\t\t\t<\/div>\n\t\t\t\t<\/div>\n\t\t<div class=\"elementor-element elementor-element-5ecb794 e-con-full animated-slow e-flex elementor-invisible e-con e-child\" data-id=\"5ecb794\" data-element_type=\"container\" data-e-type=\"container\" data-settings=\"{&quot;background_background&quot;:&quot;classic&quot;,&quot;animation&quot;:&quot;fadeIn&quot;,&quot;animation_mobile&quot;:&quot;fadeIn&quot;}\">\n\t\t\t\t<div class=\"elementor-element elementor-element-9ad594b elementor-widget-mobile__width-initial elementor-widget__width-initial elementor-widget elementor-widget-heading\" data-id=\"9ad594b\" data-element_type=\"widget\" data-e-type=\"widget\" data-widget_type=\"heading.default\">\n\t\t\t\t\t<h1 class=\"elementor-heading-title elementor-size-default\">Tietoa Platinum Boats &amp; Motorsista<\/h1>\t\t\t\t<\/div>\n\t\t\t\t<div class=\"elementor-element elementor-element-ad28632 elementor-widget__width-initial elementor-widget elementor-widget-text-editor\" data-id=\"ad28632\" data-element_type=\"widget\" data-e-type=\"widget\" data-widget_type=\"text-editor.default\">\n\t\t\t\t\t\t\t\t\t<p data-start=\"124\" data-end=\"448\">Platinum Motors perustettiin selke\u00e4ll\u00e4 visiolla \u2013 tarjota huolellisesti valittuja ajoneuvoja, joissa keskityt\u00e4\u00e4n laatuun, kokemukseen ja pitk\u00e4aikaisiin suhteisiin. Perustamisestamme vuonna 2021 l\u00e4htien olemme kehittyneet ja laajentuneet venemyyntiin Platinum Boatsin kautta, mik\u00e4 mahdollistaa meille t\u00e4n\u00e4\u00e4n t\u00e4ydellisen ratkaisun tarjoamisen \u2013 niin maalla kuin merell\u00e4. <\/p>\t\t\t\t\t\t\t\t<\/div>\n\t\t\t\t<\/div>\n\t\t\t\t\t<\/div>\n\t\t\t\t<\/div>\n\t\t<div class=\"elementor-element elementor-element-14583ec e-flex e-con-boxed e-con e-parent\" data-id=\"14583ec\" data-element_type=\"container\" data-e-type=\"container\" data-settings=\"{&quot;background_background&quot;:&quot;classic&quot;}\">\n\t\t\t\t\t<div class=\"e-con-inner\">\n\t\t\t\t<div class=\"elementor-element elementor-element-fae03dc elementor-widget-mobile__width-initial elementor-widget__width-initial elementor-widget elementor-widget-heading\" data-id=\"fae03dc\" data-element_type=\"widget\" data-e-type=\"widget\" data-widget_type=\"heading.default\">\n\t\t\t\t\t<h1 class=\"elementor-heading-title elementor-size-default\">N\u00e4yttelytilamme<\/h1>\t\t\t\t<\/div>\n\t\t\t\t<div class=\"elementor-element elementor-element-2b9d707 elementor-widget__width-initial elementor-widget elementor-widget-text-editor\" data-id=\"2b9d707\" data-element_type=\"widget\" data-e-type=\"widget\" data-widget_type=\"text-editor.default\">\n\t\t\t\t\t\t\t\t\t<p data-start=\"61\" data-end=\"188\">Tervetuloa Vaasan n\u00e4yttelytilaamme. T\u00e4\u00e4ll\u00e4 voit tutustua valikoimaamme l\u00e4hiet\u00e4isyydelt\u00e4 rauhallisessa ja harkitussa ymp\u00e4rist\u00f6ss\u00e4.<\/p><p data-start=\"61\" data-end=\"188\">\u00a0<\/p><p data-start=\"190\" data-end=\"417\">Meill\u00e4 et ainoastaan katsele \u2013 p\u00e4\u00e4set my\u00f6s koeajamaan ja vertailemaan eri vaihtoehtoja. Olipa kiinnostuksesi veneiss\u00e4, vesijeteiss\u00e4 tai moottoreissa, saat selke\u00e4n k\u00e4sityksen siit\u00e4, mik\u00e4 sopii sinulle parhaiten ennen p\u00e4\u00e4t\u00f6ksentekoa.<\/p><p data-start=\"190\" data-end=\"417\">\u00a0<\/p><p data-start=\"419\" data-end=\"598\" data-is-last-node=\"\" data-is-only-node=\"\">Kiinnit\u00e4mme suurta huomiota laatuun, hyv\u00e4\u00e4n palveluun ja sujuvaan asiakaspalveluun. Tavoitteena on, ett\u00e4 tunnet olosi turvalliseksi koko prosessin ajan, ensimm\u00e4isest\u00e4 vierailusta toimitukseen.<\/p>\t\t\t\t\t\t\t\t<\/div>\n\t\t\t\t\t<\/div>\n\t\t\t\t<\/div>\n\t\t<div class=\"elementor-element elementor-element-0aba9e2 e-con-full e-flex e-con e-parent\" data-id=\"0aba9e2\" data-element_type=\"container\" data-e-type=\"container\" data-settings=\"{&quot;background_background&quot;:&quot;classic&quot;}\">\n\t\t\t\t<div class=\"elementor-element elementor-element-dc31f63 elementor-widget elementor-widget-gallery\" data-id=\"dc31f63\" data-element_type=\"widget\" data-e-type=\"widget\" data-settings=\"{&quot;gap&quot;:{&quot;unit&quot;:&quot;px&quot;,&quot;size&quot;:7,&quot;sizes&quot;:[]},&quot;columns_mobile&quot;:2,&quot;gap_mobile&quot;:{&quot;unit&quot;:&quot;px&quot;,&quot;size&quot;:3,&quot;sizes&quot;:[]},&quot;columns&quot;:2,&quot;lazyload&quot;:&quot;yes&quot;,&quot;gallery_layout&quot;:&quot;grid&quot;,&quot;columns_tablet&quot;:2,&quot;gap_tablet&quot;:{&quot;unit&quot;:&quot;px&quot;,&quot;size&quot;:10,&quot;sizes&quot;:[]},&quot;link_to&quot;:&quot;file&quot;,&quot;aspect_ratio&quot;:&quot;3:2&quot;,&quot;overlay_background&quot;:&quot;yes&quot;,&quot;content_hover_animation&quot;:&quot;fade-in&quot;}\" data-widget_type=\"gallery.default\">\n\t\t\t\t\t\t\t<div class=\"elementor-gallery__container\">\n\t\t\t\t\t\t\t<a class=\"e-gallery-item elementor-gallery-item elementor-animated-content\" href=\"https:\/\/www.platinummotors.fi\/wp-content\/uploads\/2026\/04\/IMG_3223.jpg\" data-elementor-open-lightbox=\"yes\" data-elementor-lightbox-slideshow=\"dc31f63\" data-elementor-lightbox-title=\"IMG_3223\" data-e-action-hash=\"#elementor-action%3Aaction%3Dlightbox%26settings%3DeyJpZCI6MTE1NywidXJsIjoiaHR0cHM6XC9cL3d3dy5wbGF0aW51bW1vdG9ycy5maVwvd3AtY29udGVudFwvdXBsb2Fkc1wvMjAyNlwvMDRcL0lNR18zMjIzLmpwZyIsInNsaWRlc2hvdyI6ImRjMzFmNjMifQ%3D%3D\">\n\t\t\t\t\t<div class=\"e-gallery-image elementor-gallery-item__image\" data-thumbnail=\"https:\/\/www.platinummotors.fi\/wp-content\/uploads\/2026\/04\/IMG_3223-768x575.jpg\" data-width=\"768\" data-height=\"575\" aria-label=\"\" role=\"img\" ><\/div>\n\t\t\t\t\t\t\t\t\t\t\t<div class=\"elementor-gallery-item__overlay\"><\/div>\n\t\t\t\t\t\t\t\t\t\t\t\t\t\t<\/a>\n\t\t\t\t\t\t\t<a class=\"e-gallery-item elementor-gallery-item elementor-animated-content\" href=\"https:\/\/www.platinummotors.fi\/wp-content\/uploads\/2026\/04\/IMG_6011-2.heic\" data-elementor-open-lightbox=\"yes\" data-elementor-lightbox-slideshow=\"dc31f63\" data-elementor-lightbox-title=\"IMG_6011 2\" data-e-action-hash=\"#elementor-action%3Aaction%3Dlightbox%26settings%3DeyJpZCI6MTE1OCwidXJsIjoiaHR0cHM6XC9cL3d3dy5wbGF0aW51bW1vdG9ycy5maVwvd3AtY29udGVudFwvdXBsb2Fkc1wvMjAyNlwvMDRcL0lNR182MDExLTIuaGVpYyIsInNsaWRlc2hvdyI6ImRjMzFmNjMifQ%3D%3D\">\n\t\t\t\t\t<div class=\"e-gallery-image elementor-gallery-item__image\" data-thumbnail=\"https:\/\/www.platinummotors.fi\/wp-content\/uploads\/2026\/04\/IMG_6011-2.heic\" data-width=\"1\" data-height=\"1\" aria-label=\"\" role=\"img\" ><\/div>\n\t\t\t\t\t\t\t\t\t\t\t<div class=\"elementor-gallery-item__overlay\"><\/div>\n\t\t\t\t\t\t\t\t\t\t\t\t\t\t<\/a>\n\t\t\t\t\t\t\t<a class=\"e-gallery-item elementor-gallery-item elementor-animated-content\" href=\"https:\/\/www.platinummotors.fi\/wp-content\/uploads\/2026\/04\/Screenshot-2026-04-12-at-22.28.53-scaled.png\" data-elementor-open-lightbox=\"yes\" data-elementor-lightbox-slideshow=\"dc31f63\" data-elementor-lightbox-title=\"Screenshot 2026-04-12 at 22.28.53\" data-e-action-hash=\"#elementor-action%3Aaction%3Dlightbox%26settings%3DeyJpZCI6MTE1OSwidXJsIjoiaHR0cHM6XC9cL3d3dy5wbGF0aW51bW1vdG9ycy5maVwvd3AtY29udGVudFwvdXBsb2Fkc1wvMjAyNlwvMDRcL1NjcmVlbnNob3QtMjAyNi0wNC0xMi1hdC0yMi4yOC41My1zY2FsZWQucG5nIiwic2xpZGVzaG93IjoiZGMzMWY2MyJ9\">\n\t\t\t\t\t<div class=\"e-gallery-image elementor-gallery-item__image\" data-thumbnail=\"https:\/\/www.platinummotors.fi\/wp-content\/uploads\/2026\/04\/Screenshot-2026-04-12-at-22.28.53-768x436.png\" data-width=\"768\" data-height=\"436\" aria-label=\"\" role=\"img\" ><\/div>\n\t\t\t\t\t\t\t\t\t\t\t<div class=\"elementor-gallery-item__overlay\"><\/div>\n\t\t\t\t\t\t\t\t\t\t\t\t\t\t<\/a>\n\t\t\t\t\t\t\t<a class=\"e-gallery-item elementor-gallery-item elementor-animated-content\" href=\"https:\/\/www.platinummotors.fi\/wp-content\/uploads\/2026\/04\/IMG_4345-2.heic\" data-elementor-open-lightbox=\"yes\" data-elementor-lightbox-slideshow=\"dc31f63\" data-elementor-lightbox-title=\"IMG_4345 2\" data-e-action-hash=\"#elementor-action%3Aaction%3Dlightbox%26settings%3DeyJpZCI6MTE2MCwidXJsIjoiaHR0cHM6XC9cL3d3dy5wbGF0aW51bW1vdG9ycy5maVwvd3AtY29udGVudFwvdXBsb2Fkc1wvMjAyNlwvMDRcL0lNR180MzQ1LTIuaGVpYyIsInNsaWRlc2hvdyI6ImRjMzFmNjMifQ%3D%3D\">\n\t\t\t\t\t<div class=\"e-gallery-image elementor-gallery-item__image\" data-thumbnail=\"https:\/\/www.platinummotors.fi\/wp-content\/uploads\/2026\/04\/IMG_4345-2.heic\" data-width=\"1\" data-height=\"1\" aria-label=\"\" role=\"img\" ><\/div>\n\t\t\t\t\t\t\t\t\t\t\t<div class=\"elementor-gallery-item__overlay\"><\/div>\n\t\t\t\t\t\t\t\t\t\t\t\t\t\t<\/a>\n\t\t\t\t\t\t\t<a class=\"e-gallery-item elementor-gallery-item elementor-animated-content\" href=\"https:\/\/www.platinummotors.fi\/wp-content\/uploads\/2026\/04\/Untitled-design-33.jpg\" data-elementor-open-lightbox=\"yes\" data-elementor-lightbox-slideshow=\"dc31f63\" data-elementor-lightbox-title=\"Platinum Boats Vaasa\" data-e-action-hash=\"#elementor-action%3Aaction%3Dlightbox%26settings%3DeyJpZCI6MTE1NiwidXJsIjoiaHR0cHM6XC9cL3d3dy5wbGF0aW51bW1vdG9ycy5maVwvd3AtY29udGVudFwvdXBsb2Fkc1wvMjAyNlwvMDRcL1VudGl0bGVkLWRlc2lnbi0zMy5qcGciLCJzbGlkZXNob3ciOiJkYzMxZjYzIn0%3D\">\n\t\t\t\t\t<div class=\"e-gallery-image elementor-gallery-item__image\" data-thumbnail=\"https:\/\/www.platinummotors.fi\/wp-content\/uploads\/2026\/04\/Untitled-design-33-768x432.jpg\" data-width=\"768\" data-height=\"432\" aria-label=\"Platinum Motors\" role=\"img\" ><\/div>\n\t\t\t\t\t\t\t\t\t\t\t<div class=\"elementor-gallery-item__overlay\"><\/div>\n\t\t\t\t\t\t\t\t\t\t\t\t\t\t<\/a>\n\t\t\t\t\t\t\t<a class=\"e-gallery-item elementor-gallery-item elementor-animated-content\" href=\"https:\/\/www.platinummotors.fi\/wp-content\/uploads\/2026\/04\/Screenshot-2026-04-12-at-22.28.15-scaled.png\" data-elementor-open-lightbox=\"yes\" data-elementor-lightbox-slideshow=\"dc31f63\" data-elementor-lightbox-title=\"Screenshot 2026-04-12 at 22.28.15\" data-e-action-hash=\"#elementor-action%3Aaction%3Dlightbox%26settings%3DeyJpZCI6MTE2MSwidXJsIjoiaHR0cHM6XC9cL3d3dy5wbGF0aW51bW1vdG9ycy5maVwvd3AtY29udGVudFwvdXBsb2Fkc1wvMjAyNlwvMDRcL1NjcmVlbnNob3QtMjAyNi0wNC0xMi1hdC0yMi4yOC4xNS1zY2FsZWQucG5nIiwic2xpZGVzaG93IjoiZGMzMWY2MyJ9\">\n\t\t\t\t\t<div class=\"e-gallery-image elementor-gallery-item__image\" data-thumbnail=\"https:\/\/www.platinummotors.fi\/wp-content\/uploads\/2026\/04\/Screenshot-2026-04-12-at-22.28.15-768x436.png\" data-width=\"768\" data-height=\"436\" aria-label=\"\" role=\"img\" ><\/div>\n\t\t\t\t\t\t\t\t\t\t\t<div class=\"elementor-gallery-item__overlay\"><\/div>\n\t\t\t\t\t\t\t\t\t\t\t\t\t\t<\/a>\n\t\t\t\t\t\t\t<a class=\"e-gallery-item elementor-gallery-item elementor-animated-content\" href=\"https:\/\/www.platinummotors.fi\/wp-content\/uploads\/2026\/04\/Screenshot-2026-04-12-at-22.28.38-scaled.png\" data-elementor-open-lightbox=\"yes\" data-elementor-lightbox-slideshow=\"dc31f63\" data-elementor-lightbox-title=\"Screenshot 2026-04-12 at 22.28.38\" data-e-action-hash=\"#elementor-action%3Aaction%3Dlightbox%26settings%3DeyJpZCI6MTE2MiwidXJsIjoiaHR0cHM6XC9cL3d3dy5wbGF0aW51bW1vdG9ycy5maVwvd3AtY29udGVudFwvdXBsb2Fkc1wvMjAyNlwvMDRcL1NjcmVlbnNob3QtMjAyNi0wNC0xMi1hdC0yMi4yOC4zOC1zY2FsZWQucG5nIiwic2xpZGVzaG93IjoiZGMzMWY2MyJ9\">\n\t\t\t\t\t<div class=\"e-gallery-image elementor-gallery-item__image\" data-thumbnail=\"https:\/\/www.platinummotors.fi\/wp-content\/uploads\/2026\/04\/Screenshot-2026-04-12-at-22.28.38-768x436.png\" data-width=\"768\" data-height=\"436\" aria-label=\"\" role=\"img\" ><\/div>\n\t\t\t\t\t\t\t\t\t\t\t<div class=\"elementor-gallery-item__overlay\"><\/div>\n\t\t\t\t\t\t\t\t\t\t\t\t\t\t<\/a>\n\t\t\t\t\t\t\t<a class=\"e-gallery-item elementor-gallery-item elementor-animated-content\" href=\"https:\/\/www.platinummotors.fi\/wp-content\/uploads\/2026\/04\/IMG_4480-3.heic\" data-elementor-open-lightbox=\"yes\" data-elementor-lightbox-slideshow=\"dc31f63\" data-elementor-lightbox-title=\"IMG_4480 3\" data-e-action-hash=\"#elementor-action%3Aaction%3Dlightbox%26settings%3DeyJpZCI6MTE2MywidXJsIjoiaHR0cHM6XC9cL3d3dy5wbGF0aW51bW1vdG9ycy5maVwvd3AtY29udGVudFwvdXBsb2Fkc1wvMjAyNlwvMDRcL0lNR180NDgwLTMuaGVpYyIsInNsaWRlc2hvdyI6ImRjMzFmNjMifQ%3D%3D\">\n\t\t\t\t\t<div class=\"e-gallery-image elementor-gallery-item__image\" data-thumbnail=\"https:\/\/www.platinummotors.fi\/wp-content\/uploads\/2026\/04\/IMG_4480-3.heic\" data-width=\"1\" data-height=\"1\" aria-label=\"\" role=\"img\" ><\/div>\n\t\t\t\t\t\t\t\t\t\t\t<div class=\"elementor-gallery-item__overlay\"><\/div>\n\t\t\t\t\t\t\t\t\t\t\t\t\t\t<\/a>\n\t\t\t\t\t<\/div>\n\t\t\t\t\t<\/div>\n\t\t\t\t<\/div>\n\t\t<div class=\"elementor-element elementor-element-8c5145a e-flex e-con-boxed e-con e-parent\" data-id=\"8c5145a\" data-element_type=\"container\" data-e-type=\"container\" data-settings=\"{&quot;background_background&quot;:&quot;classic&quot;}\">\n\t\t\t\t\t<div class=\"e-con-inner\">\n\t\t<div class=\"elementor-element elementor-element-07b4e8c e-con-full animated-slow e-flex elementor-invisible e-con e-child\" data-id=\"07b4e8c\" data-element_type=\"container\" data-e-type=\"container\" data-settings=\"{&quot;animation&quot;:&quot;slideInLeft&quot;}\">\n\t\t\t\t<div class=\"elementor-element elementor-element-09382fc elementor-widget-mobile__width-initial elementor-widget__width-initial elementor-widget elementor-widget-heading\" data-id=\"09382fc\" data-element_type=\"widget\" data-e-type=\"widget\" data-widget_type=\"heading.default\">\n\t\t\t\t\t<h1 class=\"elementor-heading-title elementor-size-default\">Kokonaisvaltainen el\u00e4mys maalla ja merell\u00e4<\/h1>\t\t\t\t<\/div>\n\t\t\t\t<div class=\"elementor-element elementor-element-478fe95 elementor-widget__width-initial elementor-widget-tablet__width-initial elementor-widget elementor-widget-text-editor\" data-id=\"478fe95\" data-element_type=\"widget\" data-e-type=\"widget\" data-widget_type=\"text-editor.default\">\n\t\t\t\t\t\t\t\t\t<p>Platinum Motors perustettiin selke\u00e4ll\u00e4 visiolla \u2013 tarjota huolellisesti valittuja ajoneuvoja, joissa keskityt\u00e4\u00e4n laatuun, palveluun ja pitk\u00e4aikaisiin asiakassuhteisiin. Platinum Boatsin perustamisen my\u00f6t\u00e4 olemme laajentuneet venemyyntiin ja voimme t\u00e4n\u00e4\u00e4n tarjota asiakkaillemme t\u00e4ydellisi\u00e4 ratkaisuja, sek\u00e4 maalla ett\u00e4 merell\u00e4.<\/p><p>\u00a0<\/p><p>Laajan verkoston ja tiivistyneiden yhteisty\u00f6suhteiden my\u00f6t\u00e4 johtavien toimittajien kanssa tarjoamme huolellisesti valittua valikoimaa veneit\u00e4, ajoneuvoja ja moottoreita. Toimintamme Vaasassa ja n\u00e4yttelytilat veden \u00e4\u00e4rell\u00e4 luovat oikeat edellytykset, jotta voit kokea tuotteemme t\u00e4ysin.<\/p><p>\u00a0<\/p><p>Tavoitteenamme on rakentaa pitk\u00e4aikaisia suhteita ja tarjota kokemus, joka ulottuu<\/p>\t\t\t\t\t\t\t\t<\/div>\n\t\t\t\t<div class=\"elementor-element elementor-element-56e69bf elementor-widget__width-initial elementor-widget elementor-widget-text-editor\" data-id=\"56e69bf\" data-element_type=\"widget\" data-e-type=\"widget\" data-widget_type=\"text-editor.default\">\n\t\t\t\t\t\t\t\t\t<p><em>\u201cMinulle kyse on aina ollut muustakin kuin pelk\u00e4st\u00e4 tuotteesta. Kyse on kokemuksesta, luottamuksesta ja siit\u00e4, ett\u00e4 jokainen asiakas tuntee tehneens\u00e4 oikean valinnan.\u201d<\/em><\/p><p>\u00a0<\/p><p>\u2013 Sebastian Saarinen, Perustaja<\/p>\t\t\t\t\t\t\t\t<\/div>\n\t\t\t\t<\/div>\n\t\t<div class=\"elementor-element elementor-element-a4b8f8e e-con-full e-flex e-con e-child\" data-id=\"a4b8f8e\" data-element_type=\"container\" data-e-type=\"container\" data-settings=\"{&quot;background_background&quot;:&quot;classic&quot;}\">\n\t\t\t\t<\/div>\n\t\t\t\t\t<\/div>\n\t\t\t\t<\/div>\n\t\t\t\t<\/div>\n\t\t","protected":false},"excerpt":{"rendered":"<p>Tietoa Platinum Boats &amp; Motorsista Platinum Motors perustettiin selke\u00e4ll\u00e4 visiolla \u2013 tarjota huolellisesti valittuja ajoneuvoja, joissa keskityt\u00e4\u00e4n laatuun, kokemukseen ja pitk\u00e4aikaisiin suhteisiin. Perustamisestamme vuonna 2021 l\u00e4htien olemme kehittyneet ja laajentuneet venemyyntiin Platinum Boatsin kautta, mik\u00e4 mahdollistaa meille t\u00e4n\u00e4\u00e4n t\u00e4ydellisen ratkaisun tarjoamisen \u2013 niin maalla kuin merell\u00e4. N\u00e4yttelytilamme Tervetuloa Vaasan n\u00e4yttelytilaamme. T\u00e4\u00e4ll\u00e4 voit tutustua valikoimaamme l\u00e4hiet\u00e4isyydelt\u00e4 [&hellip;]<\/p>\n","protected":false},"author":3,"featured_media":0,"parent":0,"menu_order":0,"comment_status":"closed","ping_status":"closed","template":"","meta":{"footnotes":""},"class_list":["post-1168","page","type-page","status-publish","hentry"],"_links":{"self":[{"href":"https:\/\/www.platinummotors.fi\/fi\/wp-json\/wp\/v2\/pages\/1168","targetHints":{"allow":["GET"]}}],"collection":[{"href":"https:\/\/www.platinummotors.fi\/fi\/wp-json\/wp\/v2\/pages"}],"about":[{"href":"https:\/\/www.platinummotors.fi\/fi\/wp-json\/wp\/v2\/types\/page"}],"author":[{"embeddable":true,"href":"https:\/\/www.platinummotors.fi\/fi\/wp-json\/wp\/v2\/users\/3"}],"replies":[{"embeddable":true,"href":"https:\/\/www.platinummotors.fi\/fi\/wp-json\/wp\/v2\/comments?post=1168"}],"version-history":[{"count":39,"href":"https:\/\/www.platinummotors.fi\/fi\/wp-json\/wp\/v2\/pages\/1168\/revisions"}],"predecessor-version":[{"id":1875,"href":"https:\/\/www.platinummotors.fi\/fi\/wp-json\/wp\/v2\/pages\/1168\/revisions\/1875"}],"wp:attachment":[{"href":"https:\/\/www.platinummotors.fi\/fi\/wp-json\/wp\/v2\/media?parent=1168"}],"curies":[{"name":"wp","href":"https:\/\/api.w.org\/{rel}","templated":true}]}}