{"id":1273,"date":"2026-03-09T13:20:46","date_gmt":"2026-03-09T11:20:46","guid":{"rendered":"https:\/\/new.platinummotors.fi\/huolto\/"},"modified":"2026-04-29T20:31:34","modified_gmt":"2026-04-29T17:31:34","slug":"huolto","status":"publish","type":"page","link":"https:\/\/www.platinummotors.fi\/fi\/huolto\/","title":{"rendered":"Huolto"},"content":{"rendered":"\t\t<div data-elementor-type=\"wp-page\" data-elementor-id=\"1273\" class=\"elementor elementor-1273 elementor-41\" data-elementor-post-type=\"page\">\n\t\t\t\t<div class=\"elementor-element elementor-element-567f5c2f e-con-full e-flex e-con e-parent\" data-id=\"567f5c2f\" data-element_type=\"container\" data-e-type=\"container\" data-settings=\"{&quot;background_background&quot;:&quot;classic&quot;}\">\n\t\t<div class=\"elementor-element elementor-element-2b3ab9e6 e-con-full e-flex e-con e-child\" data-id=\"2b3ab9e6\" data-element_type=\"container\" data-e-type=\"container\">\n\t\t\t\t<div class=\"elementor-element elementor-element-2034fd23 elementor-widget elementor-widget-image\" data-id=\"2034fd23\" data-element_type=\"widget\" data-e-type=\"widget\" data-widget_type=\"image.default\">\n\t\t\t\t\t\t\t\t\t\t\t\t\t\t\t<img fetchpriority=\"high\" decoding=\"async\" width=\"768\" height=\"455\" src=\"https:\/\/www.platinummotors.fi\/wp-content\/uploads\/2026\/04\/Untitled-design-34-1-768x455.png\" class=\"attachment-medium_large size-medium_large wp-image-1504\" alt=\"Platinum Boats Motors Vaasa\" srcset=\"https:\/\/www.platinummotors.fi\/wp-content\/uploads\/2026\/04\/Untitled-design-34-1-768x455.png 768w, https:\/\/www.platinummotors.fi\/wp-content\/uploads\/2026\/04\/Untitled-design-34-1-300x178.png 300w, https:\/\/www.platinummotors.fi\/wp-content\/uploads\/2026\/04\/Untitled-design-34-1-1024x607.png 1024w, https:\/\/www.platinummotors.fi\/wp-content\/uploads\/2026\/04\/Untitled-design-34-1.png 1179w\" sizes=\"(max-width: 768px) 100vw, 768px\" \/>\t\t\t\t\t\t\t\t\t\t\t\t\t\t\t<\/div>\n\t\t\t\t<\/div>\n\t\t<div class=\"elementor-element elementor-element-2fc0975e e-con-full animated-slow e-flex elementor-invisible e-con e-child\" data-id=\"2fc0975e\" data-element_type=\"container\" data-e-type=\"container\" data-settings=\"{&quot;background_background&quot;:&quot;classic&quot;,&quot;animation&quot;:&quot;fadeIn&quot;,&quot;animation_mobile&quot;:&quot;fadeIn&quot;}\">\n\t\t\t\t<div class=\"elementor-element elementor-element-5c911cad elementor-widget-mobile__width-initial elementor-widget__width-initial elementor-widget elementor-widget-heading\" data-id=\"5c911cad\" data-element_type=\"widget\" data-e-type=\"widget\" data-widget_type=\"heading.default\">\n\t\t\t\t\t<h1 class=\"elementor-heading-title elementor-size-default\">Veneiden ja moottoriajoneuvojen huoltopalvelut<\/h1>\t\t\t\t<\/div>\n\t\t\t\t<div class=\"elementor-element elementor-element-335ddffc elementor-widget__width-initial elementor-widget elementor-widget-text-editor\" data-id=\"335ddffc\" data-element_type=\"widget\" data-e-type=\"widget\" data-widget_type=\"text-editor.default\">\n\t\t\t\t\t\t\t\t\t<p data-start=\"100\" data-end=\"255\">Showroomimme yhteydess\u00e4 sijaitsee moderni t\u00e4yden palvelun korjaamomme \u2013 kokonaisvaltainen ratkaisu ajoneuvojen ja veneiden huoltoon, korjaukseen ja optimointiin.<\/p><p data-start=\"257\" data-end=\"499\">Tarjoamme ammattitaitoista huoltoa kaikkeen veneist\u00e4 ja per\u00e4moottoreista moottorikelkkoihin, m\u00f6nkij\u00f6ihin, moottoripy\u00f6riin, mopoihin ja vesijetteihin. Erikoisosaamisemme kattaa vaativan vianm\u00e4\u00e4rityksen, vikakoodien luvun, ohjelmoinnin sek\u00e4 suorituskyvyn optimoinnin. <\/p>\t\t\t\t\t\t\t\t<\/div>\n\t\t\t\t<\/div>\n\t\t\t\t<\/div>\n\t\t<div class=\"elementor-element elementor-element-4a06f2f1 e-flex e-con-boxed e-con e-parent\" data-id=\"4a06f2f1\" data-element_type=\"container\" data-e-type=\"container\">\n\t\t\t\t\t<div class=\"e-con-inner\">\n\t\t\t\t<div class=\"elementor-element elementor-element-3295090d elementor-widget-mobile__width-initial elementor-widget elementor-widget-heading\" data-id=\"3295090d\" data-element_type=\"widget\" data-e-type=\"widget\" data-widget_type=\"heading.default\">\n\t\t\t\t\t<h1 class=\"elementor-heading-title elementor-size-default\">Kumppanisi huoltoon ja Yamaha-asiantuntemukseen<\/h1>\t\t\t\t<\/div>\n\t\t\t\t<div class=\"elementor-element elementor-element-57c0e1a elementor-widget__width-initial elementor-widget elementor-widget-text-editor\" data-id=\"57c0e1a\" data-element_type=\"widget\" data-e-type=\"widget\" data-widget_type=\"text-editor.default\">\n\t\t\t\t\t\t\t\t\t<p data-start=\"100\" data-end=\"255\">Tarjoamme my\u00f6s veneiden huoltoa yhteisty\u00f6ss\u00e4 Boatcenterin kanssa. Boatcenter vastaa Yamahan merkkihuollosta ja varmistaa, ett\u00e4 moottorisi huolletaan valmistajan ohjeiden mukaisesti. Platinum Boats &amp; Motors auttaa sinua muussa huollossa sek\u00e4 uusien asennusten ja Yamahan tuotteiden asennuksessa. Yhdess\u00e4 huolehdimme, ett\u00e4 veneesi on parhaassa kunnossa kaikkiin vesiseikkailuihisi \u2013 keskittyen laatuun, turvallisuuteen ja sujuvaan kokonaisratkaisuun.   <\/p>\t\t\t\t\t\t\t\t<\/div>\n\t\t\t\t\t<\/div>\n\t\t\t\t<\/div>\n\t\t<div class=\"elementor-element elementor-element-1eba47a e-flex e-con-boxed e-con e-parent\" data-id=\"1eba47a\" data-element_type=\"container\" data-e-type=\"container\" data-settings=\"{&quot;background_background&quot;:&quot;classic&quot;}\">\n\t\t\t\t\t<div class=\"e-con-inner\">\n\t\t<div class=\"elementor-element elementor-element-ace0e9f e-con-full e-flex e-con e-child\" data-id=\"ace0e9f\" data-element_type=\"container\" data-e-type=\"container\">\n\t\t\t\t<div class=\"elementor-element elementor-element-4841412 elementor-widget-mobile__width-inherit elementor-widget elementor-widget-image\" data-id=\"4841412\" data-element_type=\"widget\" data-e-type=\"widget\" data-widget_type=\"image.default\">\n\t\t\t\t\t\t\t\t\t\t\t\t\t\t\t<img decoding=\"async\" width=\"800\" height=\"450\" src=\"https:\/\/www.platinummotors.fi\/wp-content\/uploads\/2026\/04\/webp-1900-1024x576.webp\" class=\"attachment-large size-large wp-image-1271\" alt=\"Huolto vaasa\" srcset=\"https:\/\/www.platinummotors.fi\/wp-content\/uploads\/2026\/04\/webp-1900-1024x576.webp 1024w, https:\/\/www.platinummotors.fi\/wp-content\/uploads\/2026\/04\/webp-1900-300x169.webp 300w, https:\/\/www.platinummotors.fi\/wp-content\/uploads\/2026\/04\/webp-1900-768x432.webp 768w, https:\/\/www.platinummotors.fi\/wp-content\/uploads\/2026\/04\/webp-1900.webp 1332w\" sizes=\"(max-width: 800px) 100vw, 800px\" \/>\t\t\t\t\t\t\t\t\t\t\t\t\t\t\t<\/div>\n\t\t\t\t<div class=\"elementor-element elementor-element-9b52a79 elementor-widget__width-inherit elementor-hidden-mobile elementor-widget elementor-widget-image\" data-id=\"9b52a79\" data-element_type=\"widget\" data-e-type=\"widget\" data-widget_type=\"image.default\">\n\t\t\t\t\t\t\t\t\t\t\t\t\t\t\t<img decoding=\"async\" width=\"768\" height=\"1024\" src=\"https:\/\/www.platinummotors.fi\/wp-content\/uploads\/2026\/04\/BushLife-Snowmobile-Maintenance-Belt_jan26-copy-2-768x1024.webp\" class=\"attachment-medium_large size-medium_large wp-image-1272\" alt=\"Platinum Motors huolto\" srcset=\"https:\/\/www.platinummotors.fi\/wp-content\/uploads\/2026\/04\/BushLife-Snowmobile-Maintenance-Belt_jan26-copy-2-768x1024.webp 768w, https:\/\/www.platinummotors.fi\/wp-content\/uploads\/2026\/04\/BushLife-Snowmobile-Maintenance-Belt_jan26-copy-2-225x300.webp 225w, https:\/\/www.platinummotors.fi\/wp-content\/uploads\/2026\/04\/BushLife-Snowmobile-Maintenance-Belt_jan26-copy-2.webp 900w\" sizes=\"(max-width: 768px) 100vw, 768px\" \/>\t\t\t\t\t\t\t\t\t\t\t\t\t\t\t<\/div>\n\t\t\t\t<\/div>\n\t\t<div class=\"elementor-element elementor-element-83e587b e-con-full e-flex e-con e-child\" data-id=\"83e587b\" data-element_type=\"container\" data-e-type=\"container\">\n\t\t\t\t<div class=\"elementor-element elementor-element-2f98658 elementor-widget-mobile__width-initial elementor-widget__width-initial elementor-widget elementor-widget-heading\" data-id=\"2f98658\" data-element_type=\"widget\" data-e-type=\"widget\" data-widget_type=\"heading.default\">\n\t\t\t\t\t<h1 class=\"elementor-heading-title elementor-size-default\">Kattava huolto ajoneuvollesi<\/h1>\t\t\t\t<\/div>\n\t\t\t\t<div class=\"elementor-element elementor-element-6c7b769 elementor-widget__width-initial elementor-widget elementor-widget-text-editor\" data-id=\"6c7b769\" data-element_type=\"widget\" data-e-type=\"widget\" data-widget_type=\"text-editor.default\">\n\t\t\t\t\t\t\t\t\t<p data-start=\"545\" data-end=\"584\">Korjaamollamme tarjoamme muun muassa:<\/p><ul data-start=\"585\" data-end=\"802\"><li data-section-id=\"1dmhh3q\" data-start=\"585\" data-end=\"635\">Huolto ja kunnossapito ajoneuvoille<\/li><li data-section-id=\"15jllzx\" data-start=\"636\" data-end=\"667\">Korjaukset ja vianm\u00e4\u00e4ritys<\/li><li data-section-id=\"10cz8gn\" data-start=\"668\" data-end=\"714\">Lis\u00e4varusteiden ja lis\u00e4laitteiden asennukset<\/li><li data-section-id=\"i3puuq\" data-start=\"715\" data-end=\"755\">Suorituskyvyn optimointi ja tehonlis\u00e4ys<\/li><li data-section-id=\"73maf6\" data-start=\"756\" data-end=\"802\">Erikoisratkaisut ja r\u00e4\u00e4t\u00e4l\u00f6idyt rakennusty\u00f6t<\/li><\/ul>\t\t\t\t\t\t\t\t<\/div>\n\t\t<div class=\"elementor-element elementor-element-7417bcb e-con-full e-flex e-con e-child\" data-id=\"7417bcb\" data-element_type=\"container\" data-e-type=\"container\" data-settings=\"{&quot;background_background&quot;:&quot;classic&quot;}\">\n\t\t\t\t<div class=\"elementor-element elementor-element-0a05244 elementor-icon-list--layout-traditional elementor-list-item-link-full_width elementor-widget elementor-widget-icon-list\" data-id=\"0a05244\" data-element_type=\"widget\" data-e-type=\"widget\" data-widget_type=\"icon-list.default\">\n\t\t\t\t\t\t\t<ul class=\"elementor-icon-list-items\">\n\t\t\t\t\t\t\t<li class=\"elementor-icon-list-item\">\n\t\t\t\t\t\t\t\t\t\t\t<span class=\"elementor-icon-list-icon\">\n\t\t\t\t\t\t\t<svg aria-hidden=\"true\" class=\"e-font-icon-svg e-far-check-circle\" viewBox=\"0 0 512 512\" xmlns=\"http:\/\/www.w3.org\/2000\/svg\"><path d=\"M256 8C119.033 8 8 119.033 8 256s111.033 248 248 248 248-111.033 248-248S392.967 8 256 8zm0 48c110.532 0 200 89.451 200 200 0 110.532-89.451 200-200 200-110.532 0-200-89.451-200-200 0-110.532 89.451-200 200-200m140.204 130.267l-22.536-22.718c-4.667-4.705-12.265-4.736-16.97-.068L215.346 303.697l-59.792-60.277c-4.667-4.705-12.265-4.736-16.97-.069l-22.719 22.536c-4.705 4.667-4.736 12.265-.068 16.971l90.781 91.516c4.667 4.705 12.265 4.736 16.97.068l172.589-171.204c4.704-4.668 4.734-12.266.067-16.971z\"><\/path><\/svg>\t\t\t\t\t\t<\/span>\n\t\t\t\t\t\t\t\t\t\t<span class=\"elementor-icon-list-text\">Sujuva vakuutusasioiden hoito<\/span>\n\t\t\t\t\t\t\t\t\t<\/li>\n\t\t\t\t\t\t<\/ul>\n\t\t\t\t\t\t<\/div>\n\t\t\t\t<div class=\"elementor-element elementor-element-56aced3 elementor-widget elementor-widget-text-editor\" data-id=\"56aced3\" data-element_type=\"widget\" data-e-type=\"widget\" data-widget_type=\"text-editor.default\">\n\t\t\t\t\t\t\t\t\t<p>Olemme my\u00f6s luotettava kumppani vakuutusasioissa. Huolellisten vahinkotarkastusten, laadukkaiden korjausten sek\u00e4 vakiintuneiden yhteisty\u00f6kumppaneiden ansiosta varmistamme sujuvan ja tehokkaan prosessin \u2013 vahinkoilmoituksesta valmiiseen ajoneuvoon. <\/p>\t\t\t\t\t\t\t\t<\/div>\n\t\t\t\t<\/div>\n\t\t\t\t<div class=\"elementor-element elementor-element-983c479 elementor-widget__width-initial elementor-widget elementor-widget-text-editor\" data-id=\"983c479\" data-element_type=\"widget\" data-e-type=\"widget\" data-widget_type=\"text-editor.default\">\n\t\t\t\t\t\t\t\t\t<p data-start=\"1055\" data-end=\"1182\">Panostamme aina laatuun, tarkkuuteen ja nopeaan toimitukseen, jotta saat ajoneuvosi takaisin parhaassa mahdollisessa kunnossa.<\/p><p data-start=\"1184\" data-end=\"1303\"> <\/p><p data-start=\"1184\" data-end=\"1303\">Ota yhteytt\u00e4 varataksesi huoltoajan tai pyyt\u00e4\u00e4ksesi tarjouksen. Tarvittaessa tarjoamme my\u00f6s kuljetuksen korjaamollemme ja takaisin. <\/p>\t\t\t\t\t\t\t\t<\/div>\n\t\t\t\t<\/div>\n\t\t\t\t\t<\/div>\n\t\t\t\t<\/div>\n\t\t<div class=\"elementor-element elementor-element-3a7a003c e-flex e-con-boxed e-con e-parent\" data-id=\"3a7a003c\" data-element_type=\"container\" data-e-type=\"container\" data-settings=\"{&quot;background_background&quot;:&quot;classic&quot;}\">\n\t\t\t\t\t<div class=\"e-con-inner\">\n\t\t<div class=\"elementor-element elementor-element-592fe79e e-con-full e-flex e-con e-child\" data-id=\"592fe79e\" data-element_type=\"container\" data-e-type=\"container\">\n\t\t\t\t<div class=\"elementor-element elementor-element-4449bc74 elementor-widget-mobile__width-initial elementor-widget elementor-widget-heading\" data-id=\"4449bc74\" data-element_type=\"widget\" data-e-type=\"widget\" data-widget_type=\"heading.default\">\n\t\t\t\t\t<h1 class=\"elementor-heading-title elementor-size-default\">Ota yhteytt\u00e4<\/h1>\t\t\t\t<\/div>\n\t\t\t\t<div class=\"elementor-element elementor-element-5c9a4720 elementor-widget__width-initial elementor-widget elementor-widget-text-editor\" data-id=\"5c9a4720\" data-element_type=\"widget\" data-e-type=\"widget\" data-widget_type=\"text-editor.default\">\n\t\t\t\t\t\t\t\t\t<div id=\"comp-m6hzz5u6\" class=\"PiVxGu MDrwHQ comp-m6hzz5u6 wixui-box\" dir=\"ltr\" role=\"\"><div class=\"comp-m6hzz5u6-container\" data-testid=\"responsive-container-content\"><div id=\"comp-m6hzz5u85\" class=\"PiVxGu MDrwHQ comp-m6hzz5u85-container comp-m6hzz5u85 wixui-box\" dir=\"ltr\" role=\"\"><div id=\"comp-m6hzz5ue\" class=\"ku3DBC zQ9jDz qvSjx3 Vq6kJx comp-m6hzz5ue wixui-rich-text\" data-testid=\"richTextElement\"><p class=\"font_8 wixui-rich-text__text\">Me Platinum Boats &amp; Motorsilla autamme sinua huolloissa, korjauksissa ja kaikissa ajoneuvoosi liittyviss\u00e4 kysymyksiss\u00e4. Ota yhteytt\u00e4 ja varaa aika tai pyyd\u00e4 lis\u00e4tietoja, hoidamme asian sujuvasti ja ammattitaitoisesti. <\/p><\/div><\/div><\/div><\/div>\t\t\t\t\t\t\t\t<\/div>\n\t\t\t\t<\/div>\n\t\t<div class=\"elementor-element elementor-element-7379a98f e-con-full e-flex e-con e-child\" data-id=\"7379a98f\" data-element_type=\"container\" data-e-type=\"container\">\n\t\t<div class=\"elementor-element elementor-element-6f8a3c16 e-con-full e-flex e-con e-child\" data-id=\"6f8a3c16\" data-element_type=\"container\" data-e-type=\"container\">\n\t\t\t\t<div class=\"elementor-element elementor-element-2d719882 elementor-widget elementor-widget-heading\" data-id=\"2d719882\" data-element_type=\"widget\" data-e-type=\"widget\" data-widget_type=\"heading.default\">\n\t\t\t\t\t<h2 class=\"elementor-heading-title elementor-size-default\">Toimitusjohtaja<\/h2>\t\t\t\t<\/div>\n\t\t\t\t<div class=\"elementor-element elementor-element-4e0fe7ff elementor-widget elementor-widget-heading\" data-id=\"4e0fe7ff\" data-element_type=\"widget\" data-e-type=\"widget\" data-widget_type=\"heading.default\">\n\t\t\t\t\t<h2 class=\"elementor-heading-title elementor-size-default\">Sebastian Saarinen<\/h2>\t\t\t\t<\/div>\n\t\t\t\t<div class=\"elementor-element elementor-element-377d00a elementor-widget__width-initial elementor-widget elementor-widget-image\" data-id=\"377d00a\" data-element_type=\"widget\" data-e-type=\"widget\" data-widget_type=\"image.default\">\n\t\t\t\t\t\t\t\t\t\t\t\t\t\t\t<img loading=\"lazy\" decoding=\"async\" width=\"503\" height=\"675\" src=\"https:\/\/www.platinummotors.fi\/wp-content\/uploads\/2026\/03\/Platinum-Sebastian.jpg\" class=\"attachment-medium_large size-medium_large wp-image-1083\" alt=\"Platinum Boats Motors\" srcset=\"https:\/\/www.platinummotors.fi\/wp-content\/uploads\/2026\/03\/Platinum-Sebastian.jpg 503w, https:\/\/www.platinummotors.fi\/wp-content\/uploads\/2026\/03\/Platinum-Sebastian-224x300.jpg 224w\" sizes=\"(max-width: 503px) 100vw, 503px\" \/>\t\t\t\t\t\t\t\t\t\t\t\t\t\t\t<\/div>\n\t\t\t\t<div class=\"elementor-element elementor-element-4dd0d32f elementor-widget elementor-widget-heading\" data-id=\"4dd0d32f\" data-element_type=\"widget\" data-e-type=\"widget\" data-widget_type=\"heading.default\">\n\t\t\t\t\t<h2 class=\"elementor-heading-title elementor-size-default\">sebastian@platinummotors.fi<\/h2>\t\t\t\t<\/div>\n\t\t\t\t<div class=\"elementor-element elementor-element-5cff4583 elementor-widget elementor-widget-heading\" data-id=\"5cff4583\" data-element_type=\"widget\" data-e-type=\"widget\" data-widget_type=\"heading.default\">\n\t\t\t\t\t<h2 class=\"elementor-heading-title elementor-size-default\">+358 44 977 3863<\/h2>\t\t\t\t<\/div>\n\t\t\t\t<div class=\"elementor-element elementor-element-1f6d3c51 elementor-invisible elementor-widget elementor-widget-button\" data-id=\"1f6d3c51\" data-element_type=\"widget\" data-e-type=\"widget\" data-settings=\"{&quot;_animation&quot;:&quot;fadeInDown&quot;}\" data-widget_type=\"button.default\">\n\t\t\t\t\t\t\t\t\t\t<a class=\"elementor-button elementor-button-link elementor-size-sm\" href=\"https:\/\/wa.me\/358449773863\" target=\"_blank\" rel=\"noopener\">\n\t\t\t\t\t\t<span class=\"elementor-button-content-wrapper\">\n\t\t\t\t\t\t\t\t\t<span class=\"elementor-button-text\">Chattaa WhatsAppissa<\/span>\n\t\t\t\t\t<\/span>\n\t\t\t\t\t<\/a>\n\t\t\t\t\t\t\t\t<\/div>\n\t\t\t\t<\/div>\n\t\t<div class=\"elementor-element elementor-element-7fac428c e-con-full e-flex e-con e-child\" data-id=\"7fac428c\" data-element_type=\"container\" data-e-type=\"container\">\n\t\t\t\t<div class=\"elementor-element elementor-element-c72fd77 elementor-widget elementor-widget-heading\" data-id=\"c72fd77\" data-element_type=\"widget\" data-e-type=\"widget\" data-widget_type=\"heading.default\">\n\t\t\t\t\t<h2 class=\"elementor-heading-title elementor-size-default\">Myyj\u00e4<\/h2>\t\t\t\t<\/div>\n\t\t\t\t<div class=\"elementor-element elementor-element-1bc12db8 elementor-widget elementor-widget-heading\" data-id=\"1bc12db8\" data-element_type=\"widget\" data-e-type=\"widget\" data-widget_type=\"heading.default\">\n\t\t\t\t\t<h2 class=\"elementor-heading-title elementor-size-default\">Robin Lith\u00e9n<\/h2>\t\t\t\t<\/div>\n\t\t\t\t<div class=\"elementor-element elementor-element-5fd8229b elementor-widget__width-initial elementor-widget elementor-widget-image\" data-id=\"5fd8229b\" data-element_type=\"widget\" data-e-type=\"widget\" data-widget_type=\"image.default\">\n\t\t\t\t\t\t\t\t\t\t\t\t\t\t\t<img loading=\"lazy\" decoding=\"async\" width=\"768\" height=\"1037\" src=\"https:\/\/www.platinummotors.fi\/wp-content\/uploads\/2026\/03\/Platinum-Robin-768x1037.jpg\" class=\"attachment-medium_large size-medium_large wp-image-1084\" alt=\"Platinum Boats Motors\" srcset=\"https:\/\/www.platinummotors.fi\/wp-content\/uploads\/2026\/03\/Platinum-Robin-768x1037.jpg 768w, https:\/\/www.platinummotors.fi\/wp-content\/uploads\/2026\/03\/Platinum-Robin-222x300.jpg 222w, https:\/\/www.platinummotors.fi\/wp-content\/uploads\/2026\/03\/Platinum-Robin-758x1024.jpg 758w, https:\/\/www.platinummotors.fi\/wp-content\/uploads\/2026\/03\/Platinum-Robin-1137x1536.jpg 1137w, https:\/\/www.platinummotors.fi\/wp-content\/uploads\/2026\/03\/Platinum-Robin.jpg 1230w\" sizes=\"(max-width: 768px) 100vw, 768px\" \/>\t\t\t\t\t\t\t\t\t\t\t\t\t\t\t<\/div>\n\t\t\t\t<div class=\"elementor-element elementor-element-27fc1613 elementor-widget elementor-widget-heading\" data-id=\"27fc1613\" data-element_type=\"widget\" data-e-type=\"widget\" data-widget_type=\"heading.default\">\n\t\t\t\t\t<h2 class=\"elementor-heading-title elementor-size-default\">robin@platinummotors.fi<\/h2>\t\t\t\t<\/div>\n\t\t\t\t<div class=\"elementor-element elementor-element-509995ab elementor-widget elementor-widget-heading\" data-id=\"509995ab\" data-element_type=\"widget\" data-e-type=\"widget\" data-widget_type=\"heading.default\">\n\t\t\t\t\t<h2 class=\"elementor-heading-title elementor-size-default\">+358 40 514 5775<\/h2>\t\t\t\t<\/div>\n\t\t\t\t<div class=\"elementor-element elementor-element-6cc72ef elementor-invisible elementor-widget elementor-widget-button\" data-id=\"6cc72ef\" data-element_type=\"widget\" data-e-type=\"widget\" data-settings=\"{&quot;_animation&quot;:&quot;fadeInDown&quot;}\" data-widget_type=\"button.default\">\n\t\t\t\t\t\t\t\t\t\t<a class=\"elementor-button elementor-button-link elementor-size-sm\" href=\"https:\/\/wa.me\/358405145775\" target=\"_blank\" rel=\"noopener\">\n\t\t\t\t\t\t<span class=\"elementor-button-content-wrapper\">\n\t\t\t\t\t\t\t\t\t<span class=\"elementor-button-text\">Chattaa WhatsAppissa<\/span>\n\t\t\t\t\t<\/span>\n\t\t\t\t\t<\/a>\n\t\t\t\t\t\t\t\t<\/div>\n\t\t\t\t<\/div>\n\t\t\t\t<\/div>\n\t\t\t\t\t<\/div>\n\t\t\t\t<\/div>\n\t\t\t\t<\/div>\n\t\t","protected":false},"excerpt":{"rendered":"<p>Veneiden ja moottoriajoneuvojen huoltopalvelut Showroomimme yhteydess\u00e4 sijaitsee moderni t\u00e4yden palvelun korjaamomme \u2013 kokonaisvaltainen ratkaisu ajoneuvojen ja veneiden huoltoon, korjaukseen ja optimointiin. Tarjoamme ammattitaitoista huoltoa kaikkeen veneist\u00e4 ja per\u00e4moottoreista moottorikelkkoihin, m\u00f6nkij\u00f6ihin, moottoripy\u00f6riin, mopoihin ja vesijetteihin. Erikoisosaamisemme kattaa vaativan vianm\u00e4\u00e4rityksen, vikakoodien luvun, ohjelmoinnin sek\u00e4 suorituskyvyn optimoinnin. Kumppanisi huoltoon ja Yamaha-asiantuntemukseen Tarjoamme my\u00f6s veneiden huoltoa yhteisty\u00f6ss\u00e4 Boatcenterin kanssa. [&hellip;]<\/p>\n","protected":false},"author":3,"featured_media":0,"parent":0,"menu_order":0,"comment_status":"closed","ping_status":"closed","template":"","meta":{"footnotes":""},"class_list":["post-1273","page","type-page","status-publish","hentry"],"_links":{"self":[{"href":"https:\/\/www.platinummotors.fi\/fi\/wp-json\/wp\/v2\/pages\/1273","targetHints":{"allow":["GET"]}}],"collection":[{"href":"https:\/\/www.platinummotors.fi\/fi\/wp-json\/wp\/v2\/pages"}],"about":[{"href":"https:\/\/www.platinummotors.fi\/fi\/wp-json\/wp\/v2\/types\/page"}],"author":[{"embeddable":true,"href":"https:\/\/www.platinummotors.fi\/fi\/wp-json\/wp\/v2\/users\/3"}],"replies":[{"embeddable":true,"href":"https:\/\/www.platinummotors.fi\/fi\/wp-json\/wp\/v2\/comments?post=1273"}],"version-history":[{"count":13,"href":"https:\/\/www.platinummotors.fi\/fi\/wp-json\/wp\/v2\/pages\/1273\/revisions"}],"predecessor-version":[{"id":1975,"href":"https:\/\/www.platinummotors.fi\/fi\/wp-json\/wp\/v2\/pages\/1273\/revisions\/1975"}],"wp:attachment":[{"href":"https:\/\/www.platinummotors.fi\/fi\/wp-json\/wp\/v2\/media?parent=1273"}],"curies":[{"name":"wp","href":"https:\/\/api.w.org\/{rel}","templated":true}]}}